{"id":13101,"date":"2022-01-10T22:17:31","date_gmt":"2022-01-11T03:17:31","guid":{"rendered":"https:\/\/www.saohosting.net\/?page_id=13101"},"modified":"2022-01-11T00:56:18","modified_gmt":"2022-01-11T05:56:18","slug":"internet-compartido","status":"publish","type":"page","link":"https:\/\/www.saohosting.net\/index.php\/internet-compartido\/","title":{"rendered":"Internet Compartido"},"content":{"rendered":"\t\t<div data-elementor-type=\"wp-page\" data-elementor-id=\"13101\" class=\"elementor elementor-13101\">\n\t\t\t\t\t\t\t\t\t<section class=\"elementor-section elementor-top-section elementor-element elementor-element-a527b30 elementor-section-boxed elementor-section-height-default elementor-section-height-default\" data-id=\"a527b30\" data-element_type=\"section\">\n\t\t\t\t\t\t<div class=\"elementor-container elementor-column-gap-default\">\n\t\t\t\t\t<div class=\"elementor-column elementor-col-100 elementor-top-column elementor-element elementor-element-29dd30c\" data-id=\"29dd30c\" data-element_type=\"column\">\n\t\t\t<div class=\"elementor-widget-wrap elementor-element-populated\">\n\t\t\t\t\t\t\t\t<div class=\"elementor-element elementor-element-aa3b233 elementor-widget elementor-widget-section_title\" data-id=\"aa3b233\" data-element_type=\"widget\" data-widget_type=\"section_title.default\">\n\t\t\t\t<div class=\"elementor-widget-container\">\n\t\t\t<div class=\"pt-section-title-1 text-center\">   \r\n   \t\t\r\n     \t<h4 class=\"pt-section-title\">Planes Internet PYMES<\/h4>     \t<p class=\"pt-section-description\">1T -2022   \r\n<\/div>\t\t<\/div>\n\t\t\t\t<\/div>\n\t\t\t\t\t<\/div>\n\t\t<\/div>\n\t\t\t\t\t\t\t<\/div>\n\t\t<\/section>\n\t\t\t\t<section class=\"elementor-section elementor-top-section elementor-element elementor-element-bd7a04d elementor-section-boxed elementor-section-height-default elementor-section-height-default\" data-id=\"bd7a04d\" data-element_type=\"section\">\n\t\t\t\t\t\t<div class=\"elementor-container elementor-column-gap-default\">\n\t\t\t\t\t<div class=\"elementor-column elementor-col-100 elementor-top-column elementor-element elementor-element-e998ace\" data-id=\"e998ace\" data-element_type=\"column\">\n\t\t\t<div class=\"elementor-widget-wrap elementor-element-populated\">\n\t\t\t\t\t\t\t\t<div class=\"elementor-element elementor-element-121bdb8 elementor-widget elementor-widget-Comparison_table\" data-id=\"121bdb8\" data-element_type=\"widget\" data-widget_type=\"Comparison_table.default\">\n\t\t\t\t<div class=\"elementor-widget-container\">\n\t\t\t<div class=\"pt-comparison-table table-style-1 table-responsive\">\r\n    <table class=\"table table-striped table-bordered\">\r\n      <thead>\r\n        <tr>\r\n                           <th>\r\n                  <div class=\"cell-inner\">\r\n                      <i class=\"fas fa-building\"><\/i>                      <span>PLAN PYMES<\/span>                  <\/div>\r\n                                    <div class=\"cell-tag\">\r\n                      <span><\/span>\r\n                  <\/div>\r\n                 \r\n                <\/th>\r\n                          <th>\r\n                  <div class=\"cell-inner\">\r\n                      <i class=\"fas fa-compress-arrows-alt\"><\/i>                      <span>COMPARTICI\u00d3N<\/span>                  <\/div>\r\n                                    <div class=\"cell-tag\">\r\n                      <span><\/span>\r\n                  <\/div>\r\n                 \r\n                <\/th>\r\n                          <th>\r\n                  <div class=\"cell-inner\">\r\n                      <i class=\"fas fa-tools\"><\/i>                      <span>INSTALACI\u00d3N <\/span>                  <\/div>\r\n                                    <div class=\"cell-tag\">\r\n                      <span>UM RI\/FO<\/span>\r\n                  <\/div>\r\n                 \r\n                <\/th>\r\n                          <th>\r\n                  <div class=\"cell-inner\">\r\n                      <i class=\"fas fa-wifi\"><\/i>                      <span>ROUTER WIFI<\/span>                  <\/div>\r\n                                    <div class=\"cell-tag\">\r\n                      <span><\/span>\r\n                  <\/div>\r\n                 \r\n                <\/th>\r\n                          <th>\r\n                  <div class=\"cell-inner\">\r\n                      <i class=\"fas fa-dollar-sign\"><\/i>                      <span>PRECIO<\/span>                  <\/div>\r\n                                    <div class=\"cell-tag\">\r\n                      <span>+ (IVA)<\/span>\r\n                  <\/div>\r\n                 \r\n                <\/th>\r\n             \r\n        <\/tr>\r\n      <\/thead>\r\n      <tbody>\r\n         <tr>\r\n            <\/tr><tr>               <td>\r\n                  <div class=\"cell-inner\">\r\n                    \r\n                                            <span>20 Mbps \/ 20 Mbps<\/span>                    \r\n                                              <span><\/span>\r\n                                               \r\n                    \r\n                    \r\n                    \r\n                  <\/div>\r\n                                   \r\n               <\/td>\r\n                          <td>\r\n                  <div class=\"cell-inner\">\r\n                    \r\n                                            <span>2:1<\/span>                    \r\n                                              <span><\/span>\r\n                                               \r\n                    \r\n                    \r\n                    \r\n                  <\/div>\r\n                                   \r\n               <\/td>\r\n                          <td>\r\n                  <div class=\"cell-inner\">\r\n                    \r\n                                            <span>$50.00 un solo pago<\/span>                    \r\n                                              <span><\/span>\r\n                                               \r\n                    \r\n                    \r\n                    \r\n                  <\/div>\r\n                                   \r\n               <\/td>\r\n                          <td>\r\n                  <div class=\"cell-inner\">\r\n                    \r\n                                            <span>Router 3 Antenas <\/span>                    \r\n                                              <span>2.4GHz<\/span>\r\n                                               \r\n                    \r\n                    \r\n                    \r\n                  <\/div>\r\n                                   \r\n               <\/td>\r\n                          <td>\r\n                  <div class=\"cell-inner\">\r\n                    \r\n                                            <span>$24.95 \/<\/span>                    \r\n                                              <span>mensual<\/span>\r\n                                               \r\n                    \r\n                    \r\n                    \r\n                  <\/div>\r\n                                   \r\n               <\/td>\r\n           <\/tr><tr>               <td>\r\n                  <div class=\"cell-inner\">\r\n                    \r\n                                            <span>30 Mbps \/ 30 Mbps<\/span>                    \r\n                                              <span><\/span>\r\n                                               \r\n                    \r\n                    \r\n                    \r\n                  <\/div>\r\n                                   \r\n               <\/td>\r\n                          <td>\r\n                  <div class=\"cell-inner\">\r\n                    \r\n                                            <span>2:1<\/span>                    \r\n                                              <span><\/span>\r\n                                               \r\n                    \r\n                    \r\n                    \r\n                  <\/div>\r\n                                   \r\n               <\/td>\r\n                          <td>\r\n                  <div class=\"cell-inner\">\r\n                    \r\n                                            <span>$50.00 un solo pago<\/span>                    \r\n                                              <span><\/span>\r\n                                               \r\n                    \r\n                    \r\n                    \r\n                  <\/div>\r\n                                   \r\n               <\/td>\r\n                          <td>\r\n                  <div class=\"cell-inner\">\r\n                    \r\n                                            <span>Router 3 Antenas <\/span>                    \r\n                                              <span>2.4GHz<\/span>\r\n                                               \r\n                    \r\n                    \r\n                    \r\n                  <\/div>\r\n                                   \r\n               <\/td>\r\n                          <td>\r\n                  <div class=\"cell-inner\">\r\n                    \r\n                                            <span>$33.00 \/<\/span>                    \r\n                                              <span>mensual<\/span>\r\n                                               \r\n                    \r\n                    \r\n                    \r\n                  <\/div>\r\n                                   \r\n               <\/td>\r\n           <\/tr><tr>               <td>\r\n                  <div class=\"cell-inner\">\r\n                    \r\n                                            <span>40 Mbps \/ 40 Mbps<\/span>                    \r\n                                              <span><\/span>\r\n                                               \r\n                    \r\n                    \r\n                    \r\n                  <\/div>\r\n                                   \r\n               <\/td>\r\n                          <td>\r\n                  <div class=\"cell-inner\">\r\n                    \r\n                                            <span>2:1<\/span>                    \r\n                                              <span><\/span>\r\n                                               \r\n                    \r\n                    \r\n                    \r\n                  <\/div>\r\n                                   \r\n               <\/td>\r\n                          <td>\r\n                  <div class=\"cell-inner\">\r\n                    \r\n                                            <span>$50.00 un solo pago<\/span>                    \r\n                                              <span><\/span>\r\n                                               \r\n                    \r\n                    \r\n                    \r\n                  <\/div>\r\n                                   \r\n               <\/td>\r\n                          <td>\r\n                  <div class=\"cell-inner\">\r\n                    \r\n                                            <span>Router 4 Antenas <\/span>                    \r\n                                              <span>2.4GHz<\/span>\r\n                                               \r\n                    \r\n                    \r\n                    \r\n                  <\/div>\r\n                                   \r\n               <\/td>\r\n                          <td>\r\n                  <div class=\"cell-inner\">\r\n                    \r\n                                            <span>$46.95 \/<\/span>                    \r\n                                              <span>mensual<\/span>\r\n                                               \r\n                    \r\n                    \r\n                    \r\n                  <\/div>\r\n                                   \r\n               <\/td>\r\n           <\/tr><tr>               <td>\r\n                  <div class=\"cell-inner\">\r\n                    \r\n                                            <span>50 Mbps \/ 50 Mbps<\/span>                    \r\n                                              <span><\/span>\r\n                                               \r\n                    \r\n                    \r\n                    \r\n                  <\/div>\r\n                                   \r\n               <\/td>\r\n                          <td>\r\n                  <div class=\"cell-inner\">\r\n                    \r\n                                            <span>2:1<\/span>                    \r\n                                              <span><\/span>\r\n                                               \r\n                    \r\n                    \r\n                    \r\n                  <\/div>\r\n                                   \r\n               <\/td>\r\n                          <td>\r\n                  <div class=\"cell-inner\">\r\n                    \r\n                                            <span>$75.00 un solo pago<\/span>                    \r\n                                              <span><\/span>\r\n                                               \r\n                    \r\n                    \r\n                    \r\n                  <\/div>\r\n                                   \r\n               <\/td>\r\n                          <td>\r\n                  <div class=\"cell-inner\">\r\n                    \r\n                                            <span>Router 4 Antenas Dual <\/span>                    \r\n                                              <span>5.8GHz \/ 2.4GHz<\/span>\r\n                                               \r\n                    \r\n                    \r\n                    \r\n                  <\/div>\r\n                                   \r\n               <\/td>\r\n                          <td>\r\n                  <div class=\"cell-inner\">\r\n                    \r\n                                            <span>$60.95 \/<\/span>                    \r\n                                              <span>mensual<\/span>\r\n                                               \r\n                    \r\n                    \r\n                    \r\n                  <\/div>\r\n                                   \r\n               <\/td>\r\n           <\/tr><tr>               <td>\r\n                  <div class=\"cell-inner\">\r\n                    \r\n                                            <span>80 Mbps \/ 80 Mbps<\/span>                    \r\n                                              <span><\/span>\r\n                                               \r\n                    \r\n                    \r\n                    \r\n                  <\/div>\r\n                                   \r\n               <\/td>\r\n                          <td>\r\n                  <div class=\"cell-inner\">\r\n                    \r\n                                            <span>2:1<\/span>                    \r\n                                              <span><\/span>\r\n                                               \r\n                    \r\n                    \r\n                    \r\n                  <\/div>\r\n                                   \r\n               <\/td>\r\n                          <td>\r\n                  <div class=\"cell-inner\">\r\n                    \r\n                                            <span>$75.00 un solo pago<\/span>                    \r\n                                              <span><\/span>\r\n                                               \r\n                    \r\n                    \r\n                    \r\n                  <\/div>\r\n                                   \r\n               <\/td>\r\n                          <td>\r\n                  <div class=\"cell-inner\">\r\n                    \r\n                                            <span>Router 4 Antenas Dual <\/span>                    \r\n                                              <span>5.8GHz \/ 2.4GHz<\/span>\r\n                                               \r\n                    \r\n                    \r\n                    \r\n                  <\/div>\r\n                                   \r\n               <\/td>\r\n                          <td>\r\n                  <div class=\"cell-inner\">\r\n                    \r\n                                            <span>$73.95 \/<\/span>                    \r\n                                              <span>mensual<\/span>\r\n                                               \r\n                    \r\n                    \r\n                    \r\n                  <\/div>\r\n                                   \r\n               <\/td>\r\n           <\/tr><tr>               <td>\r\n                  <div class=\"cell-inner\">\r\n                    \r\n                                            <span>100 Mbps \/ 100 Mbps<\/span>                    \r\n                                              <span><\/span>\r\n                                               \r\n                    \r\n                    \r\n                    \r\n                  <\/div>\r\n                                   \r\n               <\/td>\r\n                          <td>\r\n                  <div class=\"cell-inner\">\r\n                    \r\n                                            <span>2:1<\/span>                    \r\n                                              <span><\/span>\r\n                                               \r\n                    \r\n                    \r\n                    \r\n                  <\/div>\r\n                                   \r\n               <\/td>\r\n                          <td>\r\n                  <div class=\"cell-inner\">\r\n                    \r\n                                            <span>$75.00 un solo pago<\/span>                    \r\n                                              <span><\/span>\r\n                                               \r\n                    \r\n                    \r\n                    \r\n                  <\/div>\r\n                                   \r\n               <\/td>\r\n                          <td>\r\n                  <div class=\"cell-inner\">\r\n                    \r\n                                            <span>Router 4 Antenas Dual <\/span>                    \r\n                                              <span>5.8GHz \/ 2.4GHz<\/span>\r\n                                               \r\n                    \r\n                    \r\n                    \r\n                  <\/div>\r\n                                   \r\n               <\/td>\r\n                          <td>\r\n                  <div class=\"cell-inner\">\r\n                    \r\n                                            <span>$99.00 \/<\/span>                    \r\n                                              <span>mensual<\/span>\r\n                                               \r\n                    \r\n                    \r\n                    \r\n                  <\/div>\r\n                                   \r\n               <\/td>\r\n             \r\n        <\/tr>\r\n      <\/tbody>\r\n    <\/table>\r\n    \r\n<\/div>\t\t<\/div>\n\t\t\t\t<\/div>\n\t\t\t\t\t<\/div>\n\t\t<\/div>\n\t\t\t\t\t\t\t<\/div>\n\t\t<\/section>\n\t\t\t\t<section class=\"elementor-section elementor-top-section elementor-element elementor-element-25b4e4e elementor-section-boxed elementor-section-height-default elementor-section-height-default\" data-id=\"25b4e4e\" data-element_type=\"section\">\n\t\t\t\t\t\t<div class=\"elementor-container elementor-column-gap-default\">\n\t\t\t\t\t<div class=\"elementor-column elementor-col-100 elementor-top-column elementor-element elementor-element-62516d6\" data-id=\"62516d6\" data-element_type=\"column\">\n\t\t\t<div class=\"elementor-widget-wrap elementor-element-populated\">\n\t\t\t\t\t\t\t\t<div class=\"elementor-element elementor-element-f782561 elementor-widget elementor-widget-section_title\" data-id=\"f782561\" data-element_type=\"widget\" data-widget_type=\"section_title.default\">\n\t\t\t\t<div class=\"elementor-widget-container\">\n\t\t\t<div class=\"pt-section-title-1 text-center\">   \r\n   \t\t\r\n     \t<h5 class=\"pt-section-title\">Condiciones de Servicio<\/h5>     \t<p class=\"pt-section-description\">\u2022 Anticipo: Instalaci\u00f3n y una mensualidad, pagados a la firma del contrato y orden de servicio.<br>\n\u2022 Tiempo de Instalaci\u00f3n: 1 d\u00eda. <br>\n\u2022 No incluye Obras Civiles ni acometidas de ser necesarias en los sitios de la instalaci\u00f3n.<br>\n\u2022 No Incluye IPv4 \/ IPV6 P\u00fablica Est\u00e1tica.<br>\n\u2022 Puerto Seguro SMTP-25<br>\n\u2022 Velocidad Sim\u00e9trica subida \/ bajada<br>\n\u2022 Router inal\u00e1mbrico (WIFI) ser\u00e1 entregado en calidad de pr\u00e9stamo mientras dure la vigencia del contrato de servicio.<br>\n\u2022 Compartici\u00f3n m\u00e1xima servicio es de 2 a 1<br>\n\u2022 Disponibilidad anual del servicio es del 99.9%.  <br>\n\u2022 Servicio de Internet disponible en \u00e1reas cableadas por SAOHOSTING. La velocidad y correcto funcionamiento del servicio contratado puede variar de acuerdo a: configuraci\u00f3n, capacidad y potencia del computador, las caracter\u00edsticas del rendimiento de cada uno de los componentes de la red, y cantidad de usuarios conectados simult\u00e1neamente al Internet.<br>\n\n\u2022 Contrato: El presente tiene una duraci\u00f3n de 12 meses y no existen penalidades por dejar el servicio, solo en necesario devolver los equipos entregados en calidad de pr\u00e9stamo.  El cliente podr\u00e1 dar por terminado unilateralmente el contrato en cualquier momento, previa notificaci\u00f3n por escrito o al correo electr\u00f3nico(servcioalcliente@saohosting.net) con al menos 5 d\u00edas de anticipaci\u00f3n al vencimiento del mes en curso. <br>\n\u2022 Los pagos se realizar\u00e1n siempre los 10 primeros d\u00edas de cada mes directo en oficina, dep\u00f3sito directo en cuenta bancaria o transferencia electr\u00f3nica.<br>\n\u2022 Compartici\u00f3n \u00f3 canal compartido:\nSeg\u00fan lo estipulado en la Resoluci\u00f3n 216-09-CONATEL-2009 \u201cEs un canal de comunicaci\u00f3n en el que se divide el ancho de banda disponible para el n\u00famero de usuarios que lo ocupan simult\u00e1neamente\u201d.\n   \r\n<\/div>\t\t<\/div>\n\t\t\t\t<\/div>\n\t\t\t\t\t<\/div>\n\t\t<\/div>\n\t\t\t\t\t\t\t<\/div>\n\t\t<\/section>\n\t\t\t\t\t\t\t<\/div>\n\t\t","protected":false},"excerpt":{"rendered":"<p>Planes Internet PYMES 1T -2022 PLAN PYMES COMPARTICI\u00d3N INSTALACI\u00d3N UM RI\/FO ROUTER WIFI PRECIO + (IVA) 20 Mbps \/ 20 Mbps 2:1 $50.00 un solo pago Router 3 Antenas 2.4GHz $24.95 \/ mensual 30 Mbps \/ 30 Mbps 2:1 $50.00 un solo pago Router 3 Antenas 2.4GHz $33.00 \/ mensual 40 Mbps \/ 40 Mbps [&hellip;]<\/p>\n","protected":false},"author":1,"featured_media":0,"parent":0,"menu_order":0,"comment_status":"closed","ping_status":"closed","template":"","meta":{"footnotes":""},"class_list":["post-13101","page","type-page","status-publish","hentry"],"acf":[],"_links":{"self":[{"href":"https:\/\/www.saohosting.net\/index.php\/wp-json\/wp\/v2\/pages\/13101","targetHints":{"allow":["GET"]}}],"collection":[{"href":"https:\/\/www.saohosting.net\/index.php\/wp-json\/wp\/v2\/pages"}],"about":[{"href":"https:\/\/www.saohosting.net\/index.php\/wp-json\/wp\/v2\/types\/page"}],"author":[{"embeddable":true,"href":"https:\/\/www.saohosting.net\/index.php\/wp-json\/wp\/v2\/users\/1"}],"replies":[{"embeddable":true,"href":"https:\/\/www.saohosting.net\/index.php\/wp-json\/wp\/v2\/comments?post=13101"}],"version-history":[{"count":106,"href":"https:\/\/www.saohosting.net\/index.php\/wp-json\/wp\/v2\/pages\/13101\/revisions"}],"predecessor-version":[{"id":13216,"href":"https:\/\/www.saohosting.net\/index.php\/wp-json\/wp\/v2\/pages\/13101\/revisions\/13216"}],"wp:attachment":[{"href":"https:\/\/www.saohosting.net\/index.php\/wp-json\/wp\/v2\/media?parent=13101"}],"curies":[{"name":"wp","href":"https:\/\/api.w.org\/{rel}","templated":true}]}}