{"id":1606,"date":"2020-12-18T05:46:08","date_gmt":"2020-12-18T10:46:08","guid":{"rendered":"https:\/\/hostingo.peacefulqode.com\/?page_id=1606"},"modified":"2023-12-30T19:58:45","modified_gmt":"2023-12-31T00:58:45","slug":"contact-us","status":"publish","type":"page","link":"https:\/\/www.saohosting.net\/index.php\/contact-us\/","title":{"rendered":"Contacto"},"content":{"rendered":"<link rel=\"stylesheet\" href=\"https:\/\/www.saohosting.net\/wp-content\/plugins\/elementor\/assets\/css\/widget-icon-box.min.css\">\t\t\n\t\t\t\t<h4>\n\t\t\t\t\t\tDirecci\u00f3n\t\t\t\t\t\n\t\t\t\t<\/h4>\n\t\t\t\t\t\t\t\t\t<p>\n\t\t\t\t\t\tAvenida Fray Vicente Solano 4-101 y Remigio Crespo :: Edificio del Colegio :: P1 :: OF. 117\t\t\t\t\t<\/p>\n     \t<h5>Informaci\u00f3n<\/h5>     \t<p>Soporte &#038; Ayuda   \n\t\t\t\t<h4>\n\t\t\t\t\t\tCorreo Electr\u00f3nico\t\t\t\t\t\n\t\t\t\t<\/h4>\n\t\t\t\t\t\t\t\t\t<p>\n\t\t\t\t\t\t:: Informaci\u00f3n General:\ninfo@saohosting.net\n<br>:: Facturaci\u00f3n:\nfacturacion@saohosting.net\n<br>:: Soporte T\u00e9cnico:\nsoporte@saohosting.net\t\t\t\t\t<\/p>\n\t\t\t\t<h4>\n\t\t\t\t\t\tTel\u00e9fonos\t\t\t\t\t\n\t\t\t\t<\/h4>\n\t\t\t\t\t\t\t\t\t<p>\n\t\t\t\t\t\t+ (593) 9 8344 &#8211; 223<br>+ (593) 7 2455 &#8211; 366\n+ (593) 9 8344 &#8211; 298\n+ (593) 9 8341 &#8211; 318<br>\n\t\t\t\t\t<\/p>\n     \t<h5>Desea Conversar con nosotros<\/h5>     \t<p>Escribanos por WhatsAPP\u00ae   \n\t\t\t<style>\/*! elementor - v3.15.0 - 02-08-2023 *\/\n.elementor-widget-google_maps .elementor-widget-container{overflow:hidden}.elementor-widget-google_maps .elementor-custom-embed{line-height:0}.elementor-widget-google_maps iframe{height:300px}<\/style>\t\t\n\t\t\t<iframe loading=\"lazy\"\n\t\t\t\t\tsrc=\"https:\/\/maps.google.com\/maps?q=Avenida%20Fray%20Vicente%20Solano%204-101%20Cuenca%20Ecuador&#038;t=m&#038;z=16&#038;output=embed&#038;iwloc=near\"\n\t\t\t\t\ttitle=\"Avenida Fray Vicente Solano 4-101 Cuenca Ecuador\"\n\t\t\t\t\taria-label=\"Avenida Fray Vicente Solano 4-101 Cuenca Ecuador\"\n\t\t\t><\/iframe>","protected":false},"excerpt":{"rendered":"<p>Direcci\u00f3n Avenida Fray Vicente Solano 4-101 y Remigio Crespo :: Edificio del Colegio :: P1 :: OF. 117 Informaci\u00f3n Soporte &#038; Ayuda Correo Electr\u00f3nico :: Informaci\u00f3n General: info@saohosting.net :: Facturaci\u00f3n: facturacion@saohosting.net :: Soporte T\u00e9cnico: soporte@saohosting.net Tel\u00e9fonos + (593) 9 8344 &#8211; 223+ (593) 7 2455 &#8211; 366 + (593) 9 8344 &#8211; 298 + (593) [&hellip;]<\/p>\n","protected":false},"author":1,"featured_media":0,"parent":0,"menu_order":0,"comment_status":"closed","ping_status":"closed","template":"","meta":{"footnotes":""},"class_list":["post-1606","page","type-page","status-publish","hentry"],"acf":[],"_links":{"self":[{"href":"https:\/\/www.saohosting.net\/index.php\/wp-json\/wp\/v2\/pages\/1606","targetHints":{"allow":["GET"]}}],"collection":[{"href":"https:\/\/www.saohosting.net\/index.php\/wp-json\/wp\/v2\/pages"}],"about":[{"href":"https:\/\/www.saohosting.net\/index.php\/wp-json\/wp\/v2\/types\/page"}],"author":[{"embeddable":true,"href":"https:\/\/www.saohosting.net\/index.php\/wp-json\/wp\/v2\/users\/1"}],"replies":[{"embeddable":true,"href":"https:\/\/www.saohosting.net\/index.php\/wp-json\/wp\/v2\/comments?post=1606"}],"version-history":[{"count":19,"href":"https:\/\/www.saohosting.net\/index.php\/wp-json\/wp\/v2\/pages\/1606\/revisions"}],"predecessor-version":[{"id":13453,"href":"https:\/\/www.saohosting.net\/index.php\/wp-json\/wp\/v2\/pages\/1606\/revisions\/13453"}],"wp:attachment":[{"href":"https:\/\/www.saohosting.net\/index.php\/wp-json\/wp\/v2\/media?parent=1606"}],"curies":[{"name":"wp","href":"https:\/\/api.w.org\/{rel}","templated":true}]}}