{"id":2163,"date":"2020-12-18T09:51:11","date_gmt":"2020-12-18T14:51:11","guid":{"rendered":"https:\/\/hostingo.peacefulqode.com\/?page_id=2163"},"modified":"2022-01-06T22:18:43","modified_gmt":"2022-01-07T03:18:43","slug":"our-services","status":"publish","type":"page","link":"https:\/\/www.saohosting.net\/index.php\/our-services\/","title":{"rendered":"Nuestro Servicio"},"content":{"rendered":"\t\t<div data-elementor-type=\"wp-page\" data-elementor-id=\"2163\" class=\"elementor elementor-2163\">\n\t\t\t\t\t\t\t\t\t<div class=\"elementor-section elementor-top-section elementor-element elementor-element-ebb59da elementor-section-full_width elementor-section-stretched elementor-section-height-default elementor-section-height-default\" data-id=\"ebb59da\" data-element_type=\"section\" data-settings=\"{&quot;stretch_section&quot;:&quot;section-stretched&quot;,&quot;background_background&quot;:&quot;classic&quot;}\">\n\t\t\t\t\t\t<div class=\"elementor-container elementor-column-gap-default\">\n\t\t\t\t\t<div class=\"elementor-column elementor-col-100 elementor-top-column elementor-element elementor-element-a802e25\" data-id=\"a802e25\" data-element_type=\"column\">\n\t\t\t<div class=\"elementor-widget-wrap elementor-element-populated\">\n\t\t\t\t\t\t\t\t<div class=\"elementor-section elementor-inner-section elementor-element elementor-element-e307e14 elementor-section-boxed elementor-section-height-default elementor-section-height-default\" data-id=\"e307e14\" data-element_type=\"section\">\n\t\t\t\t\t\t<div class=\"elementor-container elementor-column-gap-default\">\n\t\t\t\t\t<div class=\"elementor-column elementor-col-100 elementor-inner-column elementor-element elementor-element-2a901ec\" data-id=\"2a901ec\" data-element_type=\"column\">\n\t\t\t<div class=\"elementor-widget-wrap elementor-element-populated\">\n\t\t\t\t\t\t\t\t<div class=\"elementor-element elementor-element-775fcf7 elementor-widget elementor-widget-section_title\" data-id=\"775fcf7\" data-element_type=\"widget\" data-widget_type=\"section_title.default\">\n\t\t\t\t<div class=\"elementor-widget-container\">\n\t\t\t<div class=\"pt-section-title-1 text-center\">   \r\n   \t\t\r\n     \t<h5 class=\"pt-section-title\">SAOHOSTING - Portafolio de servicios.<\/h5>     \t<p class=\"pt-section-description\">:: Proveedor de servicios de almacenamiento en Ecuador ::    \r\n<\/div>\t\t<\/div>\n\t\t\t\t<\/div>\n\t\t\t\t\t<\/div>\n\t\t<\/div>\n\t\t\t\t\t\t\t<\/div>\n\t\t<\/div>\n\t\t\t\t<div class=\"elementor-section elementor-inner-section elementor-element elementor-element-b5defbd elementor-section-boxed elementor-section-height-default elementor-section-height-default\" data-id=\"b5defbd\" data-element_type=\"section\">\n\t\t\t\t\t\t<div class=\"elementor-container elementor-column-gap-default\">\n\t\t\t\t\t<div class=\"elementor-column elementor-col-33 elementor-inner-column elementor-element elementor-element-c74a2a0\" data-id=\"c74a2a0\" data-element_type=\"column\">\n\t\t\t<div class=\"elementor-widget-wrap elementor-element-populated\">\n\t\t\t\t\t\t\t\t<div class=\"elementor-element elementor-element-2fc5feb elementor-widget elementor-widget-myfancybox\" data-id=\"2fc5feb\" data-element_type=\"widget\" data-widget_type=\"myfancybox.default\">\n\t\t\t\t<div class=\"elementor-widget-container\">\n\t\t\t\r\n<div class=\"pt-fancy-box pt-fancybox-2\">          \r\n            <div class=\"pt-fancy-media\"><i class=\" flaticon-011-cloud-computing\"><\/i><\/div>      \r\n        \r\n            <div class=\"pt-fancybox-info\">\r\n                <h4 class=\"pt-fancy-box-title\">Hosting Compartido<\/h4>                       \r\n        <p class=\"pt-fancybox-description\"><p>Ofrecemos Servidores Compartidos WHM\/CPANEL\u00ae.<\/p><\/p>\r\n                    <div class=\"pt-btn-container\">\r\n    <div class=\"pt-button-block\">\r\n\t\t\t<a class=\"pt-button pt-btn-link\" href=\"https:\/\/www.saohosting.net\/index.php\/shared-web-hosting\/\">\r\n\r\n\t\t\t<span class=\"text\">M\u00e1s Informaci\u00f3n<\/span>\r\n\t\t\t<\/a>\r\n    <\/div>  \r\n\r\n<\/div>\r\n            <\/div>        \r\n    <\/div>\r\n\t\t<\/div>\n\t\t\t\t<\/div>\n\t\t\t\t\t<\/div>\n\t\t<\/div>\n\t\t\t\t<div class=\"elementor-column elementor-col-33 elementor-inner-column elementor-element elementor-element-37b189b\" data-id=\"37b189b\" data-element_type=\"column\">\n\t\t\t<div class=\"elementor-widget-wrap elementor-element-populated\">\n\t\t\t\t\t\t\t\t<div class=\"elementor-element elementor-element-d708399 elementor-widget elementor-widget-myfancybox\" data-id=\"d708399\" data-element_type=\"widget\" data-widget_type=\"myfancybox.default\">\n\t\t\t\t<div class=\"elementor-widget-container\">\n\t\t\t\r\n<div class=\"pt-fancy-box pt-fancybox-2\">          \r\n            <div class=\"pt-fancy-media\"><i class=\" flaticon-002-cloud-computing\"><\/i><\/div>      \r\n        \r\n            <div class=\"pt-fancybox-info\">\r\n                <h4 class=\"pt-fancy-box-title\">Hosting VPS<\/h4>                       \r\n        <p class=\"pt-fancybox-description\"><p>Ofrecemos Servidores Virtuales (VPS) de alta demanda para WHM\/CPANEL\u00ae, LINUX\u00ae y WINDOWS SERVER ESTANDAR\u00ae<\/p><\/p>\r\n                    <div class=\"pt-btn-container\">\r\n    <div class=\"pt-button-block\">\r\n\t\t\t<a class=\"pt-button pt-btn-link\" href=\"https:\/\/www.saohosting.net\/index.php\/vps-hosting\/\">\r\n\r\n\t\t\t<span class=\"text\">M\u00e1s Informaci\u00f3n<\/span>\r\n\t\t\t<\/a>\r\n    <\/div>  \r\n\r\n<\/div>\r\n            <\/div>        \r\n    <\/div>\r\n\t\t<\/div>\n\t\t\t\t<\/div>\n\t\t\t\t\t<\/div>\n\t\t<\/div>\n\t\t\t\t<div class=\"elementor-column elementor-col-33 elementor-inner-column elementor-element elementor-element-9e15fef elementor-invisible\" data-id=\"9e15fef\" data-element_type=\"column\" data-settings=\"{&quot;animation&quot;:&quot;fadeInUp&quot;,&quot;animation_delay&quot;:900}\">\n\t\t\t<div class=\"elementor-widget-wrap elementor-element-populated\">\n\t\t\t\t\t\t\t\t<div class=\"elementor-element elementor-element-af02e66 elementor-widget elementor-widget-myfancybox\" data-id=\"af02e66\" data-element_type=\"widget\" data-widget_type=\"myfancybox.default\">\n\t\t\t\t<div class=\"elementor-widget-container\">\n\t\t\t\r\n<div class=\"pt-fancy-box pt-fancybox-2\">          \r\n            <div class=\"pt-fancy-media\"><i class=\" flaticon-001-server\"><\/i><\/div>      \r\n        \r\n            <div class=\"pt-fancybox-info\">\r\n                <h4 class=\"pt-fancy-box-title\">Hosting Dedicado<\/h4>                       \r\n        <p class=\"pt-fancybox-description\"><p>Ofrecemos Servidores Dedicados de Alta Demanda para\u00a0 WHM\/CPANEL\u00ae, LINUX\u00ae y WINDOWS SERVER ESTANDAR\u00ae<\/p><\/p>\r\n                    <div class=\"pt-btn-container\">\r\n    <div class=\"pt-button-block\">\r\n\t\t\t<a class=\"pt-button pt-btn-link\" href=\"https:\/\/www.saohosting.net\/index.php\/servidores-dedicados\/\">\r\n\r\n\t\t\t<span class=\"text\">M\u00e1s Informaci\u00f3n<\/span>\r\n\t\t\t<\/a>\r\n    <\/div>  \r\n\r\n<\/div>\r\n            <\/div>        \r\n    <\/div>\r\n\t\t<\/div>\n\t\t\t\t<\/div>\n\t\t\t\t\t<\/div>\n\t\t<\/div>\n\t\t\t\t\t\t\t<\/div>\n\t\t<\/div>\n\t\t\t\t<div class=\"elementor-section elementor-inner-section elementor-element elementor-element-51f35bb elementor-section-boxed elementor-section-height-default elementor-section-height-default\" data-id=\"51f35bb\" data-element_type=\"section\">\n\t\t\t\t\t\t<div class=\"elementor-container elementor-column-gap-default\">\n\t\t\t\t\t<div class=\"elementor-column elementor-col-33 elementor-inner-column elementor-element elementor-element-62b3ce4\" data-id=\"62b3ce4\" data-element_type=\"column\">\n\t\t\t<div class=\"elementor-widget-wrap elementor-element-populated\">\n\t\t\t\t\t\t\t\t<div class=\"elementor-element elementor-element-15aad2b elementor-widget elementor-widget-myfancybox\" data-id=\"15aad2b\" data-element_type=\"widget\" data-widget_type=\"myfancybox.default\">\n\t\t\t\t<div class=\"elementor-widget-container\">\n\t\t\t\r\n<div class=\"pt-fancy-box pt-fancybox-2\">          \r\n            <div class=\"pt-fancy-media\"><i class=\" flaticon-023-paper\"><\/i><\/div>      \r\n        \r\n            <div class=\"pt-fancybox-info\">\r\n                <h4 class=\"pt-fancy-box-title\">Administraci\u00f3n Zona DNS<\/h4>                       \r\n        <p class=\"pt-fancybox-description\"><p>Ofrecemos el servicio de administracion de zona de DNS para clientes que desean administrar los servicios directamente como registros IPv4 &#8211; IPv6 como:\u00a0 A, MX, DKIM, NS, CNAME , SPF, DMARC, PTR, DNSSEC, ETC.<\/p><p>Contamos con cuantro DNS Servers Cluster de alta demanda\u00a0 IPv4 &#8211; IPv6<\/p><\/p>\r\n                    <div class=\"pt-btn-container\">\r\n    <div class=\"pt-button-block\">\r\n\t\t\t<a class=\"pt-button pt-btn-link\" href=\"#\">\r\n\r\n\t\t\t<span class=\"text\">M\u00e1s Informaci\u00f3n<\/span>\r\n\t\t\t<\/a>\r\n    <\/div>  \r\n\r\n<\/div>\r\n            <\/div>        \r\n    <\/div>\r\n\t\t<\/div>\n\t\t\t\t<\/div>\n\t\t\t\t\t<\/div>\n\t\t<\/div>\n\t\t\t\t<div class=\"elementor-column elementor-col-33 elementor-inner-column elementor-element elementor-element-f27a85f\" data-id=\"f27a85f\" data-element_type=\"column\">\n\t\t\t<div class=\"elementor-widget-wrap elementor-element-populated\">\n\t\t\t\t\t\t\t\t<div class=\"elementor-element elementor-element-87c7ae6 elementor-widget elementor-widget-myfancybox\" data-id=\"87c7ae6\" data-element_type=\"widget\" data-widget_type=\"myfancybox.default\">\n\t\t\t\t<div class=\"elementor-widget-container\">\n\t\t\t\r\n<div class=\"pt-fancy-box pt-fancybox-2\">          \r\n            <div class=\"pt-fancy-media\"><i class=\" flaticon-007-monitor-screen\"><\/i><\/div>      \r\n        \r\n            <div class=\"pt-fancybox-info\">\r\n                <h4 class=\"pt-fancy-box-title\">Hosting Moodle\u00ae<\/h4>                       \r\n        <p class=\"pt-fancybox-description\"><p>Ofresemos el servicios de hosting de alta demanda otimizados para el n\u00famero de concurrencias de acceso para la plataforma MOODLE\u00ae de aprendizaje.<\/p><\/p>\r\n                    <div class=\"pt-btn-container\">\r\n    <div class=\"pt-button-block\">\r\n\t\t\t<a class=\"pt-button pt-btn-link\" href=\"#\">\r\n\r\n\t\t\t<span class=\"text\">M\u00e1s Informaci\u00f3n<\/span>\r\n\t\t\t<\/a>\r\n    <\/div>  \r\n\r\n<\/div>\r\n            <\/div>        \r\n    <\/div>\r\n\t\t<\/div>\n\t\t\t\t<\/div>\n\t\t\t\t\t<\/div>\n\t\t<\/div>\n\t\t\t\t<div class=\"elementor-column elementor-col-33 elementor-inner-column elementor-element elementor-element-1d6bb28\" data-id=\"1d6bb28\" data-element_type=\"column\">\n\t\t\t<div class=\"elementor-widget-wrap elementor-element-populated\">\n\t\t\t\t\t\t\t\t<div class=\"elementor-element elementor-element-6afcb2b elementor-widget elementor-widget-myfancybox\" data-id=\"6afcb2b\" data-element_type=\"widget\" data-widget_type=\"myfancybox.default\">\n\t\t\t\t<div class=\"elementor-widget-container\">\n\t\t\t\r\n<div class=\"pt-fancy-box pt-fancybox-2\">          \r\n            <div class=\"pt-fancy-media\"><i class=\" flaticon-021-folder\"><\/i><\/div>      \r\n        \r\n            <div class=\"pt-fancybox-info\">\r\n                <h4 class=\"pt-fancy-box-title\">Hosting NAS Cloud<\/h4>                       \r\n        <p class=\"pt-fancybox-description\"><p>Ofresemos el servicios de respaldo en la nube de su informaci\u00f3n con los servicios FTP, SSH, ISCSI, AFP, NFS, SMB, WEBDAV con configuraciones de discos en RAID 0\/1.\u00a0\u00a0<\/p><\/p>\r\n                    <div class=\"pt-btn-container\">\r\n    <div class=\"pt-button-block\">\r\n\t\t\t<a class=\"pt-button pt-btn-link\" href=\"#\">\r\n\r\n\t\t\t<span class=\"text\">M\u00e1s Informaci\u00f3n<\/span>\r\n\t\t\t<\/a>\r\n    <\/div>  \r\n\r\n<\/div>\r\n            <\/div>        \r\n    <\/div>\r\n\t\t<\/div>\n\t\t\t\t<\/div>\n\t\t\t\t\t<\/div>\n\t\t<\/div>\n\t\t\t\t\t\t\t<\/div>\n\t\t<\/div>\n\t\t\t\t\t<\/div>\n\t\t<\/div>\n\t\t\t\t\t\t\t<\/div>\n\t\t<\/div>\n\t\t\t\t<section class=\"elementor-section elementor-top-section elementor-element elementor-element-fe64a54 elementor-section-boxed elementor-section-height-default elementor-section-height-default\" data-id=\"fe64a54\" data-element_type=\"section\">\n\t\t\t\t\t\t<div class=\"elementor-container elementor-column-gap-default\">\n\t\t\t\t\t<div class=\"elementor-column elementor-col-50 elementor-top-column elementor-element elementor-element-d62a3c8\" data-id=\"d62a3c8\" data-element_type=\"column\">\n\t\t\t<div class=\"elementor-widget-wrap elementor-element-populated\">\n\t\t\t\t\t\t\t\t<div class=\"elementor-element elementor-element-30e4c52 elementor-widget elementor-widget-myfancybox\" data-id=\"30e4c52\" data-element_type=\"widget\" data-widget_type=\"myfancybox.default\">\n\t\t\t\t<div class=\"elementor-widget-container\">\n\t\t\t\r\n<div class=\"pt-fancy-box pt-fancybox-2\">          \r\n            <div class=\"pt-fancy-media\"><i class=\" flaticon-005-server\"><\/i><\/div>      \r\n        \r\n            <div class=\"pt-fancybox-info\">\r\n                <h4 class=\"pt-fancy-box-title\">Servicio de Housing<\/h4>                       \r\n        <p class=\"pt-fancybox-description\"><p>Ofrecemos el servicio de colocaci\u00f3n de infraestructura de servidores en nuestro centro de datos local con todos los estandares Est\u00e1ndar TIA 942.\u00a0<\/p><ul><li>Sistema de Climatizaci\u00f3n AC.<\/li><li>Planta de Energ\u00eda El\u00e9ctrica Principal.<\/li><li>Generador de Energ\u00eda El\u00e9ctrica Respaldo.<\/li><li>Energ\u00eda UPS<\/li><li>Firewall Perimetral SPI: Sistema protecci\u00f3n de intrusos y detecci\u00f3n de ataques externos SPI &#8211; Stateful Packet Inspection.<\/li><li>Protecci\u00f3n DDoS: Unwanted Traffic Removal Service (UTRS) UTRS mitiga los ataques DDoS, grandes y peque\u00f1os, al aprovechar nuestra red existente BGP que cooperan para distribuir y bloquear el tr\u00e1fico basado en anuncios BGP entre proveedores de servicio de Internet Internacional.<\/li><li>Soluciones de alojamiento para equipos en full racks 1\/2 y 1\/3<\/li><li>Capacidad de full rack.<\/li><li>Conectividad con enlaces redundantes BGP de alta disponibilidad y velocidad con 4 salidas F.O. para acceso a internet.<\/li><li>Disponibilidad de 99.982%.<\/li><li>Sistema de video vigilancia.<\/li><li>Personal de seguridad 24\/7.<\/li><li>Sistema de control de acceso.<\/li><li>Sistema de extinci\u00f3n de incendio.<\/li><\/ul><\/p>\r\n                    <div class=\"pt-btn-container\">\r\n    <div class=\"pt-button-block\">\r\n\t\t\t<a class=\"pt-button pt-btn-link\" href=\"#\">\r\n\r\n\t\t\t<span class=\"text\">M\u00e1s Informaci\u00f3n<\/span>\r\n\t\t\t<\/a>\r\n    <\/div>  \r\n\r\n<\/div>\r\n            <\/div>        \r\n    <\/div>\r\n\t\t<\/div>\n\t\t\t\t<\/div>\n\t\t\t\t\t<\/div>\n\t\t<\/div>\n\t\t\t\t<div class=\"elementor-column elementor-col-50 elementor-top-column elementor-element elementor-element-c561c7d\" data-id=\"c561c7d\" data-element_type=\"column\">\n\t\t\t<div class=\"elementor-widget-wrap elementor-element-populated\">\n\t\t\t\t\t\t\t\t<div class=\"elementor-element elementor-element-cdeb0b9 elementor-widget elementor-widget-myfancybox\" data-id=\"cdeb0b9\" data-element_type=\"widget\" data-widget_type=\"myfancybox.default\">\n\t\t\t\t<div class=\"elementor-widget-container\">\n\t\t\t\r\n<div class=\"pt-fancy-box pt-fancybox-2\">          \r\n            <div class=\"pt-fancy-media\"><i class=\" flaticon-010-lock\"><\/i><\/div>      \r\n        \r\n            <div class=\"pt-fancybox-info\">\r\n                <h4 class=\"pt-fancy-box-title\">Servicio de Conexi\u00f3n VPN <\/h4>                       \r\n        <p class=\"pt-fancybox-description\"><p>Ofrecemos el servicio de VPN de acceso remoto o VPN punto a punto para clientes o empresas que desean integrar la comunicaci\u00f3n entre oficinas hacia nuestra infraestructura, evitando congesti\u00f3n e inversi\u00f3n en infraestructura adicional.<\/p><p>Nuestra empresa le provee la conexi\u00f3n cifrada e interconecta a los usuarios o puntos de oficina hacia nuestra infraestructura de alto desempe\u00f1o, se asigna una segmentaci\u00f3n VLAN \/ VRF para aislar el tr\u00e1fico del cliente y solo los usuarios que pertenecen a ese servicio podr\u00e1n interactuar entre s\u00ed.\u00a0<\/p><p>Tenemos soporte para protocolos IPSec, L2TP, SSTP, ZeroTier SDWAN.<\/p><p><strong>Ancho de banda ilimitado <\/strong>tr\u00e1fico Backbone Local 9ms, Nacional 20ms e Internacional 120 ms.<\/p><\/p>\r\n                    <div class=\"pt-btn-container\">\r\n    <div class=\"pt-button-block\">\r\n\t\t\t<a class=\"pt-button pt-btn-link\" href=\"#\">\r\n\r\n\t\t\t<span class=\"text\">M\u00e1s Informaci\u00f3n<\/span>\r\n\t\t\t<\/a>\r\n    <\/div>  \r\n\r\n<\/div>\r\n            <\/div>        \r\n    <\/div>\r\n\t\t<\/div>\n\t\t\t\t<\/div>\n\t\t\t\t\t<\/div>\n\t\t<\/div>\n\t\t\t\t\t\t\t<\/div>\n\t\t<\/section>\n\t\t\t\t\t\t\t<\/div>\n\t\t","protected":false},"excerpt":{"rendered":"<p>SAOHOSTING &#8211; Portafolio de servicios. :: Proveedor de servicios de almacenamiento en Ecuador :: Hosting Compartido Ofrecemos Servidores Compartidos WHM\/CPANEL\u00ae. M\u00e1s Informaci\u00f3n Hosting VPS Ofrecemos Servidores Virtuales (VPS) de alta demanda para WHM\/CPANEL\u00ae, LINUX\u00ae y WINDOWS SERVER ESTANDAR\u00ae M\u00e1s Informaci\u00f3n Hosting Dedicado Ofrecemos Servidores Dedicados de Alta Demanda para\u00a0 WHM\/CPANEL\u00ae, LINUX\u00ae y WINDOWS SERVER ESTANDAR\u00ae [&hellip;]<\/p>\n","protected":false},"author":1,"featured_media":0,"parent":0,"menu_order":0,"comment_status":"closed","ping_status":"closed","template":"","meta":{"footnotes":""},"class_list":["post-2163","page","type-page","status-publish","hentry"],"acf":[],"_links":{"self":[{"href":"https:\/\/www.saohosting.net\/index.php\/wp-json\/wp\/v2\/pages\/2163","targetHints":{"allow":["GET"]}}],"collection":[{"href":"https:\/\/www.saohosting.net\/index.php\/wp-json\/wp\/v2\/pages"}],"about":[{"href":"https:\/\/www.saohosting.net\/index.php\/wp-json\/wp\/v2\/types\/page"}],"author":[{"embeddable":true,"href":"https:\/\/www.saohosting.net\/index.php\/wp-json\/wp\/v2\/users\/1"}],"replies":[{"embeddable":true,"href":"https:\/\/www.saohosting.net\/index.php\/wp-json\/wp\/v2\/comments?post=2163"}],"version-history":[{"count":41,"href":"https:\/\/www.saohosting.net\/index.php\/wp-json\/wp\/v2\/pages\/2163\/revisions"}],"predecessor-version":[{"id":13013,"href":"https:\/\/www.saohosting.net\/index.php\/wp-json\/wp\/v2\/pages\/2163\/revisions\/13013"}],"wp:attachment":[{"href":"https:\/\/www.saohosting.net\/index.php\/wp-json\/wp\/v2\/media?parent=2163"}],"curies":[{"name":"wp","href":"https:\/\/api.w.org\/{rel}","templated":true}]}}